{"id":57879,"date":"2025-09-01T08:24:51","date_gmt":"2025-09-01T08:24:51","guid":{"rendered":"https:\/\/www.weingut-michel.net\/catalog\/?product=artikel-nr-16-24spaetburgunder-weissherbst-halbtrocken-075-ltr-flasche"},"modified":"2026-03-03T11:20:37","modified_gmt":"2026-03-03T11:20:37","slug":"artikel-nr-25spaetburgunder-weissherbst-halbtrocken-075-ltr-flasche","status":"publish","type":"product","link":"https:\/\/www.weingut-michel.net\/catalog\/?product=artikel-nr-25spaetburgunder-weissherbst-halbtrocken-075-ltr-flasche","title":{"rendered":"<br>Artikel-Nr.: 25<br>Sp\u00e4tburgunder Weissherbst halbtrocken 0,75 Ltr. Flasche<br>"},"content":{"rendered":"<p><!-- IBGHTML --><span style='color: silver;font-family: \"Times New Roman\",\"serif\";font-size: 8pt'><span><font size=\"3\"><font size=\"1\"><font color=\"#000000\" size=\"3\">Dieser Sp\u00e4tburgunder Wei\u00dfherbst ist&nbsp;feinfruchtig, im Duft erinnert er an rote Beeren. Im Geschmack ist angenehm fruchtig mit dezenter S\u00fc\u00dfe und geschmeidiger S\u00e4ure<br \/>Begleiter zum Essen f\u00fcr Gefl\u00fcgel , Wildterrinen, Rindfleisch w\u00fcrzige K\u00e4sesorten <\/font><!-- IBGHTML --><br \/><\/font><\/font><span><font size=\"1\"><span><font size=\"1\"><font color=\"#000000\" size=\"3\"><span><span><span><span><span><span><span><span><span><span><span><font color=\"#ffffff\" size=\"1\"><br \/><\/font><\/span><\/span><\/span><\/span><\/span><\/span><\/span><\/span><\/span><\/span><\/span><\/font><\/font><\/span><\/font><\/span><\/span><\/span><\/p>\n<table WIDTH=\"60%\" BORDER=\"0\" align=\"left\" CELLPADDING=\"0\" CELLSPACING=\"0\"><\/p>\n<tr>\n<td width=\"53%\">Artikelnummer:<\/td>\n<td width=\"47%\"><strong>25<\/strong><\/td>\n<\/tr>\n<p><\/p>\n<tr>\n<td>Inhalt<\/td>\n<td><strong>0,75 Ltr.<\/strong><\/td>\n<\/tr>\n<p><\/p>\n<tr>\n<td>Preis\/Ltr.<\/td>\n<td><strong>7,87 EUR pro Ltr.<\/strong><\/td>\n<\/tr>\n<p><\/p>\n<tr>\n<td>Weinart:<\/td>\n<td><strong>Wei\u00dfherbst<\/strong><\/td>\n<\/tr>\n<p><\/p>\n<tr>\n<td>Qualit&auml;tsstufe<\/td>\n<td><strong>Qualit\u00e4tswein<\/strong><\/td>\n<\/tr>\n<p><\/p>\n<tr>\n<td>Rebsorte<\/td>\n<td><strong>Blauer Sp\u00e4tburgunder<\/strong><\/td>\n<\/tr>\n<p><\/p>\n<tr>\n<td>Restzuckergehalt<\/td>\n<td><strong>11,5 g\/Ltr.<\/strong><\/td>\n<\/tr>\n<p><\/p>\n<tr>\n<td>Alkoholgehalt<\/td>\n<td><strong><\/strong><\/td>\n<\/tr>\n<p><\/p>\n<tr>\n<td>Bio:<\/td>\n<td><strong>NEIN<\/strong><\/td>\n<\/tr>\n<p><\/p>\n<tr>\n<td>vegan:<\/td>\n<td><strong>NEIN<\/strong><\/td>\n<\/tr>\n<p><\/p>\n<tr>\n<td>enth\u00e4lt Allergene:<\/td>\n<td><strong>Sulfite<\/strong><\/td>\n<\/tr>\n<p><\/table>\n","protected":false},"excerpt":{"rendered":"<table><\/p>\n<tr>\n<td width=\"53%\">Artikelnummer:<\/td>\n<td width=\"47%\"><strong>25<\/strong><\/td>\n<\/tr>\n<p><\/p>\n<tr>\n<td>Rebsorte<\/td>\n<td><strong>Blauer Sp\u00e4tburgunder<\/strong><\/td>\n<\/tr>\n<p><\/p>\n<tr>\n<td>Jahrgang<\/td>\n<td><strong>2024<\/strong><\/td>\n<\/tr>\n<p><\/p>\n<tr>\n<td>Geschmack<\/td>\n<td><strong>Qualit\u00e4tswein<\/strong><\/td>\n<\/tr>\n<p><\/p>\n<tr>\n<td>Alkohol<\/td>\n<td><strong><\/strong><\/td>\n<\/tr>\n<p><\/p>\n<tr>\n<td>Inhalt<\/td>\n<td><strong>0,75 Ltr.<\/strong><\/td>\n<\/tr>\n<p><\/table>\n<p><\/p>\n","protected":false},"featured_media":57896,"comment_status":"open","ping_status":"closed","template":"","meta":[],"product_brand":[],"product_cat":[4512],"product_tag":[],"class_list":{"0":"post-57879","1":"product","2":"type-product","3":"status-publish","4":"has-post-thumbnail","6":"product_cat-3-halbtrockene-weine","8":"first","9":"instock","10":"taxable","11":"shipping-taxable","12":"purchasable","13":"product-type-simple"},"_links":{"self":[{"href":"https:\/\/www.weingut-michel.net\/catalog\/index.php?rest_route=\/wp\/v2\/product\/57879"}],"collection":[{"href":"https:\/\/www.weingut-michel.net\/catalog\/index.php?rest_route=\/wp\/v2\/product"}],"about":[{"href":"https:\/\/www.weingut-michel.net\/catalog\/index.php?rest_route=\/wp\/v2\/types\/product"}],"replies":[{"embeddable":true,"href":"https:\/\/www.weingut-michel.net\/catalog\/index.php?rest_route=%2Fwp%2Fv2%2Fcomments&post=57879"}],"wp:featuredmedia":[{"embeddable":true,"href":"https:\/\/www.weingut-michel.net\/catalog\/index.php?rest_route=\/wp\/v2\/media\/57896"}],"wp:attachment":[{"href":"https:\/\/www.weingut-michel.net\/catalog\/index.php?rest_route=%2Fwp%2Fv2%2Fmedia&parent=57879"}],"wp:term":[{"taxonomy":"product_brand","embeddable":true,"href":"https:\/\/www.weingut-michel.net\/catalog\/index.php?rest_route=%2Fwp%2Fv2%2Fproduct_brand&post=57879"},{"taxonomy":"product_cat","embeddable":true,"href":"https:\/\/www.weingut-michel.net\/catalog\/index.php?rest_route=%2Fwp%2Fv2%2Fproduct_cat&post=57879"},{"taxonomy":"product_tag","embeddable":true,"href":"https:\/\/www.weingut-michel.net\/catalog\/index.php?rest_route=%2Fwp%2Fv2%2Fproduct_tag&post=57879"}],"curies":[{"name":"wp","href":"https:\/\/api.w.org\/{rel}","templated":true}]}}