{"id":57875,"date":"2025-09-01T08:24:42","date_gmt":"2025-09-01T08:24:42","guid":{"rendered":"https:\/\/www.weingut-michel.net\/catalog\/?product=artikel-nr-121-24souvignier-gris-weisswein-halbtrocken-075-ltr-flasche"},"modified":"2026-03-03T11:20:31","modified_gmt":"2026-03-03T11:20:31","slug":"artikel-nr-21souvignier-gris-weisswein-halbtrocken-075-ltr-flasche","status":"publish","type":"product","link":"https:\/\/www.weingut-michel.net\/catalog\/?product=artikel-nr-21souvignier-gris-weisswein-halbtrocken-075-ltr-flasche","title":{"rendered":"<br>Artikel-Nr.: 21<br>Souvignier gris Weisswein halbtrocken 0,75 Ltr. Flasche<br>"},"content":{"rendered":"<p><!-- IBGHTML -->Unser Souvignier gris feinherb zeigt eine reizvolle Mischung aus Quitte und Aprikose, getragen von einem feinw\u00fcrzigen Unterton, der ihm Charakter und Tiefe verleiht. Die leichte Rests\u00fc\u00dfe rundetden Wein ideal ab und macht ihn zu einem sehr vielseitigen Partner f\u00fcr Pilzgerichte, Fisch und die mediterane K\u00fcche. Ein Wein, der aromatische F\u00fclle und elegante Frische kombiniert<\/p>\n<table WIDTH=\"60%\" BORDER=\"0\" align=\"left\" CELLPADDING=\"0\" CELLSPACING=\"0\"><\/p>\n<tr>\n<td width=\"53%\">Artikelnummer:<\/td>\n<td width=\"47%\"><strong>21<\/strong><\/td>\n<\/tr>\n<p><\/p>\n<tr>\n<td>Inhalt<\/td>\n<td><strong>0,75 Ltr.<\/strong><\/td>\n<\/tr>\n<p><\/p>\n<tr>\n<td>Preis\/Ltr.<\/td>\n<td><strong>7,87 EUR pro Ltr.<\/strong><\/td>\n<\/tr>\n<p><\/p>\n<tr>\n<td>Weinart:<\/td>\n<td><strong>Wei\u00dfwein<\/strong><\/td>\n<\/tr>\n<p><\/p>\n<tr>\n<td>Qualit&auml;tsstufe<\/td>\n<td><strong>Sp\u00e4tlese<\/strong><\/td>\n<\/tr>\n<p><\/p>\n<tr>\n<td>Rebsorte<\/td>\n<td><strong>Souvignier gris<\/strong><\/td>\n<\/tr>\n<p><\/p>\n<tr>\n<td>Restzuckergehalt<\/td>\n<td><strong>9,4 g\/Ltr.<\/strong><\/td>\n<\/tr>\n<p><\/p>\n<tr>\n<td>Alkoholgehalt<\/td>\n<td><strong>12,0 Vol. %<\/strong><\/td>\n<\/tr>\n<p><\/p>\n<tr>\n<td>Bio:<\/td>\n<td><strong>NEIN<\/strong><\/td>\n<\/tr>\n<p><\/p>\n<tr>\n<td>vegan:<\/td>\n<td><strong>NEIN<\/strong><\/td>\n<\/tr>\n<p><\/p>\n<tr>\n<td>enth\u00e4lt Allergene:<\/td>\n<td><strong>Sulfite<\/strong><\/td>\n<\/tr>\n<p><\/table>\n","protected":false},"excerpt":{"rendered":"<table><\/p>\n<tr>\n<td width=\"53%\">Artikelnummer:<\/td>\n<td width=\"47%\"><strong>21<\/strong><\/td>\n<\/tr>\n<p><\/p>\n<tr>\n<td>Rebsorte<\/td>\n<td><strong>Souvignier gris<\/strong><\/td>\n<\/tr>\n<p><\/p>\n<tr>\n<td>Jahrgang<\/td>\n<td><strong>2024<\/strong><\/td>\n<\/tr>\n<p><\/p>\n<tr>\n<td>Geschmack<\/td>\n<td><strong>Sp\u00e4tlese<\/strong><\/td>\n<\/tr>\n<p><\/p>\n<tr>\n<td>Alkohol<\/td>\n<td><strong>12,0 Vol. %<\/strong><\/td>\n<\/tr>\n<p><\/p>\n<tr>\n<td>Inhalt<\/td>\n<td><strong>0,75 Ltr.<\/strong><\/td>\n<\/tr>\n<p><\/table>\n<p><\/p>\n","protected":false},"featured_media":57884,"comment_status":"open","ping_status":"closed","template":"","meta":[],"product_brand":[],"product_cat":[4512],"product_tag":[],"class_list":{"0":"post-57875","1":"product","2":"type-product","3":"status-publish","4":"has-post-thumbnail","6":"product_cat-3-halbtrockene-weine","8":"first","9":"instock","10":"taxable","11":"shipping-taxable","12":"purchasable","13":"product-type-simple"},"_links":{"self":[{"href":"https:\/\/www.weingut-michel.net\/catalog\/index.php?rest_route=\/wp\/v2\/product\/57875"}],"collection":[{"href":"https:\/\/www.weingut-michel.net\/catalog\/index.php?rest_route=\/wp\/v2\/product"}],"about":[{"href":"https:\/\/www.weingut-michel.net\/catalog\/index.php?rest_route=\/wp\/v2\/types\/product"}],"replies":[{"embeddable":true,"href":"https:\/\/www.weingut-michel.net\/catalog\/index.php?rest_route=%2Fwp%2Fv2%2Fcomments&post=57875"}],"wp:featuredmedia":[{"embeddable":true,"href":"https:\/\/www.weingut-michel.net\/catalog\/index.php?rest_route=\/wp\/v2\/media\/57884"}],"wp:attachment":[{"href":"https:\/\/www.weingut-michel.net\/catalog\/index.php?rest_route=%2Fwp%2Fv2%2Fmedia&parent=57875"}],"wp:term":[{"taxonomy":"product_brand","embeddable":true,"href":"https:\/\/www.weingut-michel.net\/catalog\/index.php?rest_route=%2Fwp%2Fv2%2Fproduct_brand&post=57875"},{"taxonomy":"product_cat","embeddable":true,"href":"https:\/\/www.weingut-michel.net\/catalog\/index.php?rest_route=%2Fwp%2Fv2%2Fproduct_cat&post=57875"},{"taxonomy":"product_tag","embeddable":true,"href":"https:\/\/www.weingut-michel.net\/catalog\/index.php?rest_route=%2Fwp%2Fv2%2Fproduct_tag&post=57875"}],"curies":[{"name":"wp","href":"https:\/\/api.w.org\/{rel}","templated":true}]}}