{"id":57874,"date":"2025-09-01T08:24:41","date_gmt":"2025-09-01T08:24:41","guid":{"rendered":"https:\/\/www.weingut-michel.net\/catalog\/?product=artikel-nr-11alle-hopp-weisswein-halbtrocken-10-ltr-flasche"},"modified":"2026-03-03T11:20:30","modified_gmt":"2026-03-03T11:20:30","slug":"artikel-nr-20alle-hopp-weisswein-halbtrocken-10-ltr-flasche","status":"publish","type":"product","link":"https:\/\/www.weingut-michel.net\/catalog\/?product=artikel-nr-20alle-hopp-weisswein-halbtrocken-10-ltr-flasche","title":{"rendered":"<br>Artikel-Nr.: 20<br>ALLE HOPP Weisswein halbtrocken 1,0 Ltr Flasche<br>"},"content":{"rendered":"<p><!-- IBGHTML --><!-- IBGHTML -->Unser Alle Hopp ist ein halbtrockner Literwein. Er ist ein wohlschmeckendes Cuvee und \u00fcberzeugt durch seine fruchtigen Aromen nach Apfel und Birne in Kombination mit einer dezenten S\u00fc\u00dfe. Vor allem als Weinschorle, auch Schobbe genannt, genie\u00dft er bei sommerlichen Temperaturen gro\u00dfe Beliebtheit. Ein idealer Allrounder, der an keinem Sommerpicknick fehlen darf.<\/p>\n<table WIDTH=\"60%\" BORDER=\"0\" align=\"left\" CELLPADDING=\"0\" CELLSPACING=\"0\"><\/p>\n<tr>\n<td width=\"53%\">Artikelnummer:<\/td>\n<td width=\"47%\"><strong>20<\/strong><\/td>\n<\/tr>\n<p><\/p>\n<tr>\n<td>Inhalt<\/td>\n<td><strong>1,0 Ltr.<\/strong><\/td>\n<\/tr>\n<p><\/p>\n<tr>\n<td>Preis\/Ltr.<\/td>\n<td><strong>5,40 EUR pro Ltr.<\/strong><\/td>\n<\/tr>\n<p><\/p>\n<tr>\n<td>Weinart:<\/td>\n<td><strong>Wei\u00dfwein<\/strong><\/td>\n<\/tr>\n<p><\/p>\n<tr>\n<td>Qualit&auml;tsstufe<\/td>\n<td><strong>Landwein<\/strong><\/td>\n<\/tr>\n<p><\/p>\n<tr>\n<td>Rebsorte<\/td>\n<td><strong>Alle Hopp<\/strong><\/td>\n<\/tr>\n<p><\/p>\n<tr>\n<td>Restzuckergehalt<\/td>\n<td><strong>10 g\/Ltr.<\/strong><\/td>\n<\/tr>\n<p><\/p>\n<tr>\n<td>Alkoholgehalt<\/td>\n<td><strong>12,0 Vol. %<\/strong><\/td>\n<\/tr>\n<p><\/p>\n<tr>\n<td>Bio:<\/td>\n<td><strong>NEIN<\/strong><\/td>\n<\/tr>\n<p><\/p>\n<tr>\n<td>vegan:<\/td>\n<td><strong>NEIN<\/strong><\/td>\n<\/tr>\n<p><\/p>\n<tr>\n<td>enth\u00e4lt Allergene:<\/td>\n<td><strong>Sulfite<\/strong><\/td>\n<\/tr>\n<p><\/table>\n","protected":false},"excerpt":{"rendered":"<table><\/p>\n<tr>\n<td width=\"53%\">Artikelnummer:<\/td>\n<td width=\"47%\"><strong>20<\/strong><\/td>\n<\/tr>\n<p><\/p>\n<tr>\n<td>Rebsorte<\/td>\n<td><strong>Alle Hopp<\/strong><\/td>\n<\/tr>\n<p><\/p>\n<tr>\n<td>Jahrgang<\/td>\n<td><strong>2024<\/strong><\/td>\n<\/tr>\n<p><\/p>\n<tr>\n<td>Geschmack<\/td>\n<td><strong>Landwein<\/strong><\/td>\n<\/tr>\n<p><\/p>\n<tr>\n<td>Alkohol<\/td>\n<td><strong>12,0 Vol. %<\/strong><\/td>\n<\/tr>\n<p><\/p>\n<tr>\n<td>Inhalt<\/td>\n<td><strong>1,0 Ltr.<\/strong><\/td>\n<\/tr>\n<p><\/table>\n<p><\/p>\n","protected":false},"featured_media":0,"comment_status":"open","ping_status":"closed","template":"","meta":[],"product_brand":[],"product_cat":[4512],"product_tag":[],"class_list":{"0":"post-57874","1":"product","2":"type-product","3":"status-publish","5":"product_cat-3-halbtrockene-weine","7":"first","8":"instock","9":"taxable","10":"shipping-taxable","11":"purchasable","12":"product-type-simple"},"_links":{"self":[{"href":"https:\/\/www.weingut-michel.net\/catalog\/index.php?rest_route=\/wp\/v2\/product\/57874"}],"collection":[{"href":"https:\/\/www.weingut-michel.net\/catalog\/index.php?rest_route=\/wp\/v2\/product"}],"about":[{"href":"https:\/\/www.weingut-michel.net\/catalog\/index.php?rest_route=\/wp\/v2\/types\/product"}],"replies":[{"embeddable":true,"href":"https:\/\/www.weingut-michel.net\/catalog\/index.php?rest_route=%2Fwp%2Fv2%2Fcomments&post=57874"}],"wp:attachment":[{"href":"https:\/\/www.weingut-michel.net\/catalog\/index.php?rest_route=%2Fwp%2Fv2%2Fmedia&parent=57874"}],"wp:term":[{"taxonomy":"product_brand","embeddable":true,"href":"https:\/\/www.weingut-michel.net\/catalog\/index.php?rest_route=%2Fwp%2Fv2%2Fproduct_brand&post=57874"},{"taxonomy":"product_cat","embeddable":true,"href":"https:\/\/www.weingut-michel.net\/catalog\/index.php?rest_route=%2Fwp%2Fv2%2Fproduct_cat&post=57874"},{"taxonomy":"product_tag","embeddable":true,"href":"https:\/\/www.weingut-michel.net\/catalog\/index.php?rest_route=%2Fwp%2Fv2%2Fproduct_tag&post=57874"}],"curies":[{"name":"wp","href":"https:\/\/api.w.org\/{rel}","templated":true}]}}