{"id":57795,"date":"2024-10-02T13:27:14","date_gmt":"2024-10-02T13:27:14","guid":{"rendered":"https:\/\/www.weingut-michel.net\/catalog\/?product=artikel-nr-22rotwein-lieblich-in-der-10-l-flasche"},"modified":"2026-03-03T11:20:44","modified_gmt":"2026-03-03T11:20:44","slug":"artikel-nr-30rotwein-lieblich-in-der-10-l-flasche","status":"publish","type":"product","link":"https:\/\/www.weingut-michel.net\/catalog\/?product=artikel-nr-30rotwein-lieblich-in-der-10-l-flasche","title":{"rendered":"<br>Artikel-Nr.: 30<br>Rotwein lieblich in der 1,0 l Flasche<br>"},"content":{"rendered":"<p><!-- IBGHTML --><SPAN><FONT color=\"#ffffff\" size=\"1\"><br \/><P><FONT color=\"#000000\" size=\"2\">Der Portugieser gilt als unkomplizierter, angenehmer, vollmundiger, s\u00fcffiger und frischer Schoppenwein. Der Portugieser kann bei vielen Gerichten ein gen\u00fcgsamer Essensbegleiter sein, zudem hat gerade der Wei\u00dfherbst als Sommerwein viele Freunde.<\/FONT><FONT color=\"#ffffff\">3,20\u20ac\/&nbsp;1,0 Ltr. Flasche,Portugieser, Rotwein,&nbsp;QbA, Qualit\u00e4tswein ,lieblich&nbsp;,Gabsheim,&nbsp;Schornsheim, Bechtolsheim, W\u00f6rrstadt, Saulheim,Weingut, Michel, Schmitt,3,20\u20ac\/&nbsp;1,0 Ltr. Flasche,Portugieser, Rotwein,&nbsp;QbA, Qualit\u00e4tswein ,lieblich&nbsp;,Gabsheim,&nbsp;Schornsheim, Bechtolsheim, W\u00f6rrstadt, Saulheim,Weingut, Michel, Schmi3,20\u20ac\/&nbsp;1,0 Ltr. Flasche,Portugieser, Rotwein,&nbsp;QbA, Qualit\u00e4tswein ,lieblich&nbsp;,Gabsheim,&nbsp;Schornsheim, Bechtolsheim, W\u00f6rrstadt, Saulheim,Weingu3,20\u20ac\/&nbsp;1,0 Ltr. Flasche,Portugieser, Rotwein,&nbsp;QbA, Qualit\u00e4tswein ,lieblich&nbsp;,Gabsheim,&nbsp;Schornsheim, Bechtolsheim, W\u00f6rrstadt, Saulheim,Weingut, Michel,3,20\u20ac\/&nbsp;1,0 Ltr. Flasche,Portugieser, Rotwein,&nbsp;QbA, Qualit\u00e4tswein ,lieblich&nbsp;,Gabsheim,&nbsp;Schornsheim, Bechtolsheim, 3,20\u20ac\/&nbsp;1,0 Ltr. Flasche,Portugieser, Rotwein,&nbsp;QbA, Qualit\u00e4tswein ,lieblich&nbsp;,Gabsheim,&nbsp;Schornsheim, Bechtolsheim, W\u00f6rrstadt, Saulheim,Weingut, Michel, Schmitt,W\u00f6rrstadt, Saulheim,Weingut, Michel, Schmitt, Schmitt,t, Michel, Schmitt,tt,3,20\u20ac\/&nbsp;1,0 Ltr. Flasche,Portugieser, Rotwein,&nbsp;QbA, Qualit\u00e4tswein ,lieblich&nbsp;,Gabsheim,&nbsp;Schornsheim, Bechtolsheim, W\u00f6rrstadt, Saulheim,Weingut, Michel, Schmitt,3,20\u20ac\/&nbsp;1,0 Ltr. Flasche,Portugieser, Rotwein,&nbsp;QbA, Qualit\u00e4tswein ,lieblich&nbsp;,Gabsheim,&nbsp;Schornsheim, Bechtolsheim, W\u00f6rrstadt, Saulheim,W3,20\u20ac\/&nbsp;1,0 Ltr. Flasche,Portugieser, Rotwein,&nbsp;QbA, Qualit\u00e4tswein ,lieblich&nbsp;,Gabsheim,&nbsp;Schornsheim, Bechtolsheim, W\u00f6rrstadt, Saul3,20\u20ac\/&nbsp;1,0 Ltr. Flasche,Portugieser, Rotwein,&nbsp;QbA, Qualit\u00e4tswein ,lieblich&nbsp;,Gabsheim,&nbsp;Schornsheim, Bechtolsheim, W\u00f6rrstadt, Saulheim,Weingut, Michel, Schmitt,heim,Weingut, Michel, Schmitt,eingut, Michel, Schmitt,3,20\u20ac\/&nbsp;1,0 Ltr. Flasche,Portugieser, Rotwein,&nbsp;QbA, Qualit\u00e4tswein ,lieblich&nbsp;,Gabsheim,&nbsp;Schornsheim, Bechtolsheim, W\u00f6rrstadt, Saulheim,Weingut, Michel, Sc3,20\u20ac\/&nbsp;1,0 Ltr. Flasche,Portugieser, Rotwein,&nbsp;QbA, Qualit\u00e4tswein ,lieblich&nbsp;,Gabsheim,&nbsp;Schornsheim, Bechtolsheim, W\u00f6rrstadt, Saulheim,Weingut, Michel, Schmitt,3,20\u20ac\/&nbsp;1,0 Ltr. Flasche,Portugieser, Rotwein,&nbsp;QbA, Qualit\u00e4tswein ,lieblich&nbsp;,Gabsheim,&nbsp;Schornsheim, Bechtolsheim, W\u00f6rrstadt, Saulheim,Weingut, Michel, Schmitt,3,20\u20ac\/&nbsp;1,0 Ltr. Flasche,Portugieser, Rotwein,&nbsp;QbA, Qualit\u00e4tswein ,lieblich&nbsp;,Gabsheim,&nbsp;Schornsheim, Bechtolsheim, W\u00f6rrstadt, Saulheim,Weingut, Michel, Schmitt,<\/FONT><\/FONT><\/SPAN><\/P><\/p>\n<table WIDTH=\"60%\" BORDER=\"0\" align=\"left\" CELLPADDING=\"0\" CELLSPACING=\"0\"><\/p>\n<tr>\n<td width=\"53%\">Artikelnummer:<\/td>\n<td width=\"47%\"><strong>30<\/strong><\/td>\n<\/tr>\n<p><\/p>\n<tr>\n<td>Inhalt<\/td>\n<td><strong>1,0 Ltr.<\/strong><\/td>\n<\/tr>\n<p><\/p>\n<tr>\n<td>Preis\/Ltr.<\/td>\n<td><strong>5,30 EUR pro Ltr.<\/strong><\/td>\n<\/tr>\n<p><\/p>\n<tr>\n<td>Weinart:<\/td>\n<td><strong>Rotwein<\/strong><\/td>\n<\/tr>\n<p><\/p>\n<tr>\n<td>Qualit&auml;tsstufe<\/td>\n<td><strong>Qualit\u00e4tswein<\/strong><\/td>\n<\/tr>\n<p><\/p>\n<tr>\n<td>Rebsorte<\/td>\n<td><strong><\/strong><\/td>\n<\/tr>\n<p><\/p>\n<tr>\n<td>Restzuckergehalt<\/td>\n<td><strong><\/strong><\/td>\n<\/tr>\n<p><\/p>\n<tr>\n<td>Alkoholgehalt<\/td>\n<td><strong><\/strong><\/td>\n<\/tr>\n<p><\/p>\n<tr>\n<td>Bio:<\/td>\n<td><strong>NEIN<\/strong><\/td>\n<\/tr>\n<p><\/p>\n<tr>\n<td>vegan:<\/td>\n<td><strong>NEIN<\/strong><\/td>\n<\/tr>\n<p><\/p>\n<tr>\n<td>enth\u00e4lt Allergene:<\/td>\n<td><strong>Sulfite<\/strong><\/td>\n<\/tr>\n<p><\/table>\n","protected":false},"excerpt":{"rendered":"<table><\/p>\n<tr>\n<td width=\"53%\">Artikelnummer:<\/td>\n<td width=\"47%\"><strong>30<\/strong><\/td>\n<\/tr>\n<p><\/p>\n<tr>\n<td>Rebsorte<\/td>\n<td><strong><\/strong><\/td>\n<\/tr>\n<p><\/p>\n<tr>\n<td>Jahrgang<\/td>\n<td><strong>2019<\/strong><\/td>\n<\/tr>\n<p><\/p>\n<tr>\n<td>Geschmack<\/td>\n<td><strong>Qualit\u00e4tswein<\/strong><\/td>\n<\/tr>\n<p><\/p>\n<tr>\n<td>Alkohol<\/td>\n<td><strong><\/strong><\/td>\n<\/tr>\n<p><\/p>\n<tr>\n<td>Inhalt<\/td>\n<td><strong>1,0 Ltr.<\/strong><\/td>\n<\/tr>\n<p><\/table>\n<p><\/p>\n","protected":false},"featured_media":57619,"comment_status":"open","ping_status":"closed","template":"","meta":[],"product_brand":[],"product_cat":[4517],"product_tag":[],"class_list":{"0":"post-57795","1":"product","2":"type-product","3":"status-publish","4":"has-post-thumbnail","6":"product_cat-4-liebliche-weine","8":"first","9":"instock","10":"taxable","11":"shipping-taxable","12":"purchasable","13":"product-type-simple"},"_links":{"self":[{"href":"https:\/\/www.weingut-michel.net\/catalog\/index.php?rest_route=\/wp\/v2\/product\/57795"}],"collection":[{"href":"https:\/\/www.weingut-michel.net\/catalog\/index.php?rest_route=\/wp\/v2\/product"}],"about":[{"href":"https:\/\/www.weingut-michel.net\/catalog\/index.php?rest_route=\/wp\/v2\/types\/product"}],"replies":[{"embeddable":true,"href":"https:\/\/www.weingut-michel.net\/catalog\/index.php?rest_route=%2Fwp%2Fv2%2Fcomments&post=57795"}],"wp:featuredmedia":[{"embeddable":true,"href":"https:\/\/www.weingut-michel.net\/catalog\/index.php?rest_route=\/wp\/v2\/media\/57619"}],"wp:attachment":[{"href":"https:\/\/www.weingut-michel.net\/catalog\/index.php?rest_route=%2Fwp%2Fv2%2Fmedia&parent=57795"}],"wp:term":[{"taxonomy":"product_brand","embeddable":true,"href":"https:\/\/www.weingut-michel.net\/catalog\/index.php?rest_route=%2Fwp%2Fv2%2Fproduct_brand&post=57795"},{"taxonomy":"product_cat","embeddable":true,"href":"https:\/\/www.weingut-michel.net\/catalog\/index.php?rest_route=%2Fwp%2Fv2%2Fproduct_cat&post=57795"},{"taxonomy":"product_tag","embeddable":true,"href":"https:\/\/www.weingut-michel.net\/catalog\/index.php?rest_route=%2Fwp%2Fv2%2Fproduct_tag&post=57795"}],"curies":[{"name":"wp","href":"https:\/\/api.w.org\/{rel}","templated":true}]}}