{"id":57643,"date":"2023-09-04T10:29:25","date_gmt":"2023-09-04T10:29:25","guid":{"rendered":"https:\/\/www.weingut-michel.net\/catalog\/?product=artikel-nr-50-riesling-brut-winzersekt-075-ltr"},"modified":"2026-03-03T11:21:12","modified_gmt":"2026-03-03T11:21:12","slug":"artikel-nr-50-riesling-brut-winzersekt-075-ltr","status":"publish","type":"product","link":"https:\/\/www.weingut-michel.net\/catalog\/?product=artikel-nr-50-riesling-brut-winzersekt-075-ltr","title":{"rendered":"<br>Artikel-Nr.: 50<br>.Riesling brut Winzersekt 0,75 ltr.<br>"},"content":{"rendered":"<p><!-- IBGHTML --><\/p>\n<div class=\"product-tabs-content\" id=\"product_tabs_description_contents\">\n<div class=\"std\">Unser&nbsp;WINZERSEKT Riesling&nbsp;brut wurde von der Erzeugergemeinschaft WINZERSEKT in Sprendlingen hergestellt, bei dem wir Mitglied sind<\/p>\n<p>Mit einem Duft nach wei\u00dfen Bl\u00fcten, gr\u00fcnem Apfel und wei\u00dfen Pfirsichen ist dieser Riesling Sekt ein typischer Vertreter seiner Gattung. Im Geschmack sind die Fruchtnoten mit der knackigen S\u00e4ure im Vordergrund. Ideal f\u00fcr Feste, als Aperitif oder als Begleiter f\u00fcr eine sch\u00f6ne Begebenheit.<br \/>In&nbsp;dieser &nbsp;Flasche vergoren, nach einj\u00e4hriger Lagerung ist der Winzersekt genussreif!<\/div>\n<\/div>\n<p><\/p>\n<table WIDTH=\"60%\" BORDER=\"0\" align=\"left\" CELLPADDING=\"0\" CELLSPACING=\"0\"><\/p>\n<tr>\n<td width=\"53%\">Artikelnummer:<\/td>\n<td width=\"47%\"><strong>50<\/strong><\/td>\n<\/tr>\n<p><\/p>\n<tr>\n<td>Inhalt<\/td>\n<td><strong>0,75 Ltr.<\/strong><\/td>\n<\/tr>\n<p><\/p>\n<tr>\n<td>Preis\/Ltr.<\/td>\n<td><strong>13,20 EUR pro Ltr.<\/strong><\/td>\n<\/tr>\n<p><\/p>\n<tr>\n<td>Weinart:<\/td>\n<td><strong>Wei\u00df<\/strong><\/td>\n<\/tr>\n<p><\/p>\n<tr>\n<td>Qualit&auml;tsstufe<\/td>\n<td><strong><\/strong><\/td>\n<\/tr>\n<p><\/p>\n<tr>\n<td>Rebsorte<\/td>\n<td><strong>Riesling<\/strong><\/td>\n<\/tr>\n<p><\/p>\n<tr>\n<td>Restzuckergehalt<\/td>\n<td><strong><\/strong><\/td>\n<\/tr>\n<p><\/p>\n<tr>\n<td>Alkoholgehalt<\/td>\n<td><strong><\/strong><\/td>\n<\/tr>\n<p><\/p>\n<tr>\n<td>Bio:<\/td>\n<td><strong>NEIN<\/strong><\/td>\n<\/tr>\n<p><\/p>\n<tr>\n<td>vegan:<\/td>\n<td><strong>NEIN<\/strong><\/td>\n<\/tr>\n<p><\/p>\n<tr>\n<td>enth\u00e4lt Allergene:<\/td>\n<td><strong>Sulfite<\/strong><\/td>\n<\/tr>\n<p><\/table>\n","protected":false},"excerpt":{"rendered":"<table><\/p>\n<tr>\n<td width=\"53%\">Artikelnummer:<\/td>\n<td width=\"47%\"><strong>50<\/strong><\/td>\n<\/tr>\n<p><\/p>\n<tr>\n<td>Rebsorte<\/td>\n<td><strong>Riesling<\/strong><\/td>\n<\/tr>\n<p><\/p>\n<tr>\n<td>Jahrgang<\/td>\n<td><strong><\/strong><\/td>\n<\/tr>\n<p><\/p>\n<tr>\n<td>Geschmack<\/td>\n<td><strong><\/strong><\/td>\n<\/tr>\n<p><\/p>\n<tr>\n<td>Alkohol<\/td>\n<td><strong><\/strong><\/td>\n<\/tr>\n<p><\/p>\n<tr>\n<td>Inhalt<\/td>\n<td><strong>0,75 Ltr.<\/strong><\/td>\n<\/tr>\n<p><\/table>\n<p><\/p>\n","protected":false},"featured_media":57603,"comment_status":"open","ping_status":"closed","template":"","meta":[],"product_brand":[],"product_cat":[4514],"product_tag":[],"class_list":{"0":"post-57643","1":"product","2":"type-product","3":"status-publish","4":"has-post-thumbnail","6":"product_cat-8-winzersekt-sekt","8":"first","9":"instock","10":"taxable","11":"shipping-taxable","12":"purchasable","13":"product-type-simple"},"_links":{"self":[{"href":"https:\/\/www.weingut-michel.net\/catalog\/index.php?rest_route=\/wp\/v2\/product\/57643"}],"collection":[{"href":"https:\/\/www.weingut-michel.net\/catalog\/index.php?rest_route=\/wp\/v2\/product"}],"about":[{"href":"https:\/\/www.weingut-michel.net\/catalog\/index.php?rest_route=\/wp\/v2\/types\/product"}],"replies":[{"embeddable":true,"href":"https:\/\/www.weingut-michel.net\/catalog\/index.php?rest_route=%2Fwp%2Fv2%2Fcomments&post=57643"}],"wp:featuredmedia":[{"embeddable":true,"href":"https:\/\/www.weingut-michel.net\/catalog\/index.php?rest_route=\/wp\/v2\/media\/57603"}],"wp:attachment":[{"href":"https:\/\/www.weingut-michel.net\/catalog\/index.php?rest_route=%2Fwp%2Fv2%2Fmedia&parent=57643"}],"wp:term":[{"taxonomy":"product_brand","embeddable":true,"href":"https:\/\/www.weingut-michel.net\/catalog\/index.php?rest_route=%2Fwp%2Fv2%2Fproduct_brand&post=57643"},{"taxonomy":"product_cat","embeddable":true,"href":"https:\/\/www.weingut-michel.net\/catalog\/index.php?rest_route=%2Fwp%2Fv2%2Fproduct_cat&post=57643"},{"taxonomy":"product_tag","embeddable":true,"href":"https:\/\/www.weingut-michel.net\/catalog\/index.php?rest_route=%2Fwp%2Fv2%2Fproduct_tag&post=57643"}],"curies":[{"name":"wp","href":"https:\/\/api.w.org\/{rel}","templated":true}]}}