{"id":57639,"date":"2023-09-04T10:29:22","date_gmt":"2023-09-04T10:29:22","guid":{"rendered":"https:\/\/www.weingut-michel.net\/catalog\/?product=artikel-nr-54-spaetburgunder-weissherbst-halbtrocken-winzersekt-075"},"modified":"2026-03-03T11:21:06","modified_gmt":"2026-03-03T11:21:06","slug":"artikel-nr-54-spaetburgunder-weissherbst-halbtrocken-winzersekt-075","status":"publish","type":"product","link":"https:\/\/www.weingut-michel.net\/catalog\/?product=artikel-nr-54-spaetburgunder-weissherbst-halbtrocken-winzersekt-075","title":{"rendered":"<br>Artikel-Nr.: 54<br>\/  Sp\u00e4tburgunder Weissherbst halbtrocken Winzersekt 0,75<br>"},"content":{"rendered":"<p><!-- IBGHTML --><\/p>\n<p class=\"MsoNormal\" style=\"margin: 0cm 0cm 10pt\"><font face=\"Calibri\" size=\"3\"><font face=\"Times New Roman\">Unser&nbsp;WINZERSEKT&nbsp;Sp\u00e4tburgunder Weissherbst halbtrocken&nbsp;wurde von der Erzeugergemeinschaft WINZERSEKT in Sprendlingen hergestellt, bei dem wir Mitglied sind<\/font><br \/>Der halbtrockene Winzersekt &nbsp;wird aus erlesenen&nbsp;Sp\u00e4tburgunder-Trauben hergestellt. Eine wundersch\u00f6ne lachsrote Farbe und die feine Perlage zeichnen diesen Sp\u00e4tburgunder aus. Ein prickelndes Sekt-Erlebnis mit F\u00fclle, Frische und Lebhaftigkeit. Nach der M\u00e9thode Traditionnelle hergestellt. Eine Rote Sekts-Spezialit\u00e4t, die dem Champagner in nichts nachsteht!<\/font><\/p>\n<p><font color=\"#ffffff\"><span style='color: silver;font-family: \"Times New Roman\",\"serif\";font-size: 8pt'><span style='color: silver;font-family: \"Times New Roman\",\"serif\";font-size: 10pt'><\/p>\n<p class=\"MsoNormal\" style=\"margin: 0cm 0cm 0pt;line-height: normal\"><\/p>\n<p><\/span><\/span><\/font><\/p>\n<table WIDTH=\"60%\" BORDER=\"0\" align=\"left\" CELLPADDING=\"0\" CELLSPACING=\"0\"><\/p>\n<tr>\n<td width=\"53%\">Artikelnummer:<\/td>\n<td width=\"47%\"><strong>54<\/strong><\/td>\n<\/tr>\n<p><\/p>\n<tr>\n<td>Inhalt<\/td>\n<td><strong>0,75 Ltr.<\/strong><\/td>\n<\/tr>\n<p><\/p>\n<tr>\n<td>Preis\/Ltr.<\/td>\n<td><strong>13,20 EUR pro Ltr.<\/strong><\/td>\n<\/tr>\n<p><\/p>\n<tr>\n<td>Weinart:<\/td>\n<td><strong>Wei\u00dfherbst<\/strong><\/td>\n<\/tr>\n<p><\/p>\n<tr>\n<td>Qualit&auml;tsstufe<\/td>\n<td><strong><\/strong><\/td>\n<\/tr>\n<p><\/p>\n<tr>\n<td>Rebsorte<\/td>\n<td><strong>Blauer Sp\u00e4tburgunder  Weissherbst halbtrocken<\/strong><\/td>\n<\/tr>\n<p><\/p>\n<tr>\n<td>Restzuckergehalt<\/td>\n<td><strong><\/strong><\/td>\n<\/tr>\n<p><\/p>\n<tr>\n<td>Alkoholgehalt<\/td>\n<td><strong><\/strong><\/td>\n<\/tr>\n<p><\/p>\n<tr>\n<td>Bio:<\/td>\n<td><strong>NEIN<\/strong><\/td>\n<\/tr>\n<p><\/p>\n<tr>\n<td>vegan:<\/td>\n<td><strong>NEIN<\/strong><\/td>\n<\/tr>\n<p><\/p>\n<tr>\n<td>enth\u00e4lt Allergene:<\/td>\n<td><strong>Sulfite<\/strong><\/td>\n<\/tr>\n<p><\/table>\n","protected":false},"excerpt":{"rendered":"<table><\/p>\n<tr>\n<td width=\"53%\">Artikelnummer:<\/td>\n<td width=\"47%\"><strong>54<\/strong><\/td>\n<\/tr>\n<p><\/p>\n<tr>\n<td>Rebsorte<\/td>\n<td><strong>Blauer Sp\u00e4tburgunder  Weissherbst halbtrocken<\/strong><\/td>\n<\/tr>\n<p><\/p>\n<tr>\n<td>Jahrgang<\/td>\n<td><strong><\/strong><\/td>\n<\/tr>\n<p><\/p>\n<tr>\n<td>Geschmack<\/td>\n<td><strong><\/strong><\/td>\n<\/tr>\n<p><\/p>\n<tr>\n<td>Alkohol<\/td>\n<td><strong><\/strong><\/td>\n<\/tr>\n<p><\/p>\n<tr>\n<td>Inhalt<\/td>\n<td><strong>0,75 Ltr.<\/strong><\/td>\n<\/tr>\n<p><\/table>\n<p><\/p>\n","protected":false},"featured_media":57604,"comment_status":"open","ping_status":"closed","template":"","meta":[],"product_brand":[],"product_cat":[4514],"product_tag":[],"class_list":{"0":"post-57639","1":"product","2":"type-product","3":"status-publish","4":"has-post-thumbnail","6":"product_cat-8-winzersekt-sekt","8":"first","9":"instock","10":"taxable","11":"shipping-taxable","12":"purchasable","13":"product-type-simple"},"_links":{"self":[{"href":"https:\/\/www.weingut-michel.net\/catalog\/index.php?rest_route=\/wp\/v2\/product\/57639"}],"collection":[{"href":"https:\/\/www.weingut-michel.net\/catalog\/index.php?rest_route=\/wp\/v2\/product"}],"about":[{"href":"https:\/\/www.weingut-michel.net\/catalog\/index.php?rest_route=\/wp\/v2\/types\/product"}],"replies":[{"embeddable":true,"href":"https:\/\/www.weingut-michel.net\/catalog\/index.php?rest_route=%2Fwp%2Fv2%2Fcomments&post=57639"}],"wp:featuredmedia":[{"embeddable":true,"href":"https:\/\/www.weingut-michel.net\/catalog\/index.php?rest_route=\/wp\/v2\/media\/57604"}],"wp:attachment":[{"href":"https:\/\/www.weingut-michel.net\/catalog\/index.php?rest_route=%2Fwp%2Fv2%2Fmedia&parent=57639"}],"wp:term":[{"taxonomy":"product_brand","embeddable":true,"href":"https:\/\/www.weingut-michel.net\/catalog\/index.php?rest_route=%2Fwp%2Fv2%2Fproduct_brand&post=57639"},{"taxonomy":"product_cat","embeddable":true,"href":"https:\/\/www.weingut-michel.net\/catalog\/index.php?rest_route=%2Fwp%2Fv2%2Fproduct_cat&post=57639"},{"taxonomy":"product_tag","embeddable":true,"href":"https:\/\/www.weingut-michel.net\/catalog\/index.php?rest_route=%2Fwp%2Fv2%2Fproduct_tag&post=57639"}],"curies":[{"name":"wp","href":"https:\/\/api.w.org\/{rel}","templated":true}]}}